{"id":412,"date":"2021-09-09T17:26:03","date_gmt":"2021-09-09T17:26:03","guid":{"rendered":"https:\/\/bbqkarelia.fi\/?page_id=412"},"modified":"2021-10-28T19:09:11","modified_gmt":"2021-10-28T19:09:11","slug":"yrityksille","status":"publish","type":"page","link":"https:\/\/bbqkarelia.fi\/?page_id=412","title":{"rendered":"Yrityksille"},"content":{"rendered":"\t\t<div data-elementor-type=\"wp-page\" data-elementor-id=\"412\" class=\"elementor elementor-412\">\n\t\t\t\t\t\t<section class=\"elementor-section elementor-top-section elementor-element elementor-element-b057e62 elementor-section-height-min-height elementor-section-boxed elementor-section-height-default elementor-section-items-middle\" data-id=\"b057e62\" data-element_type=\"section\" data-settings=\"{&quot;background_background&quot;:&quot;classic&quot;}\">\n\t\t\t\t\t\t\t<div class=\"elementor-background-overlay\"><\/div>\n\t\t\t\t\t\t\t<div class=\"elementor-container elementor-column-gap-default\">\n\t\t\t\t\t<div class=\"elementor-column elementor-col-100 elementor-top-column elementor-element elementor-element-8948ffa\" data-id=\"8948ffa\" data-element_type=\"column\">\n\t\t\t<div class=\"elementor-widget-wrap elementor-element-populated\">\n\t\t\t\t\t\t<div class=\"elementor-element elementor-element-2c2192a elementor-widget elementor-widget-heading\" data-id=\"2c2192a\" data-element_type=\"widget\" data-widget_type=\"heading.default\">\n\t\t\t\t<div class=\"elementor-widget-container\">\n\t\t\t\t\t<h1 class=\"elementor-heading-title elementor-size-default\">Kokouksista juhliin<\/h1>\t\t\t\t<\/div>\n\t\t\t\t<\/div>\n\t\t\t\t<div class=\"elementor-element elementor-element-167189f elementor-widget elementor-widget-text-editor\" data-id=\"167189f\" data-element_type=\"widget\" data-widget_type=\"text-editor.default\">\n\t\t\t\t<div class=\"elementor-widget-container\">\n\t\t\t\t\t\t\t\t\t<p>Jos kaipaatte kokoukseenne perinteisen kokoustilan ja luokkahuoneen tilalle inspiroivampaa milj\u00f6\u00f6t\u00e4, asiakastilaisuuteenne unohtumattomia puitteita tai henkil\u00f6st\u00f6juhlaanne omann\u00e4k\u00f6ist\u00e4 tunnelmaa, herkullisia tarjottavia unohtamatta, olemme teille juuri sopiva paikka. Tilamme tarjoavat uniikit ja ihanteelliset puitteet niin yrityksen juhliin, pikkujouluihin kuin erilaisiin kokouksiin ja kehitt\u00e4misp\u00e4iviinkin. Pieni happihyppely tai ideariihi kesken kokousp\u00e4iv\u00e4n Kukkolan tilan milj\u00f6\u00f6ss\u00e4 antaa kummasti virtaa kokousp\u00e4iv\u00e4\u00e4n. S\u00e4\u00e4n salliessa ulkotilat mahdollistavat erilaisten kehitt\u00e4misp\u00e4ivien ryhm\u00e4ty\u00f6skentelyt luovassa milj\u00f6\u00f6ss\u00e4.\u00a0<\/p><p>Tule tustustumaan tiloihimme paikan p\u00e4\u00e4ll\u00e4 tai ota yhteytt\u00e4 toimiston Julliin, niin tehd\u00e4\u00e4n tilaisuudestanne juuri teid\u00e4n n\u00e4k\u00f6inen.<\/p>\t\t\t\t\t\t\t\t<\/div>\n\t\t\t\t<\/div>\n\t\t\t\t\t<\/div>\n\t\t<\/div>\n\t\t\t\t\t<\/div>\n\t\t<\/section>\n\t\t\t\t<section class=\"elementor-section elementor-top-section elementor-element elementor-element-8fc7437 elementor-section-boxed elementor-section-height-default elementor-section-height-default\" data-id=\"8fc7437\" data-element_type=\"section\" data-settings=\"{&quot;background_background&quot;:&quot;classic&quot;}\">\n\t\t\t\t\t\t<div class=\"elementor-container elementor-column-gap-default\">\n\t\t\t\t\t<div class=\"elementor-column elementor-col-100 elementor-top-column elementor-element elementor-element-3835155\" data-id=\"3835155\" data-element_type=\"column\">\n\t\t\t<div class=\"elementor-widget-wrap elementor-element-populated\">\n\t\t\t\t\t\t<section class=\"elementor-section elementor-inner-section elementor-element elementor-element-7a981d0 elementor-section-boxed elementor-section-height-default elementor-section-height-default\" data-id=\"7a981d0\" data-element_type=\"section\">\n\t\t\t\t\t\t<div class=\"elementor-container elementor-column-gap-default\">\n\t\t\t\t\t<div class=\"elementor-column elementor-col-50 elementor-inner-column elementor-element elementor-element-8f46091 elementor-hidden-tablet elementor-hidden-mobile\" data-id=\"8f46091\" data-element_type=\"column\">\n\t\t\t<div class=\"elementor-widget-wrap elementor-element-populated\">\n\t\t\t\t\t\t<div class=\"elementor-element elementor-element-ef10371 elementor-widget elementor-widget-image\" data-id=\"ef10371\" data-element_type=\"widget\" data-widget_type=\"image.default\">\n\t\t\t\t<div class=\"elementor-widget-container\">\n\t\t\t\t\t\t\t\t\t\t\t\t\t\t\t<img decoding=\"async\" src=\"https:\/\/bbqkarelia.fi\/wp-content\/uploads\/2021\/09\/BBQ-Kota-3.jpg\" title=\"BBQ-Kota-3\" alt=\"BBQ-Kota-3\" loading=\"lazy\" \/>\t\t\t\t\t\t\t\t\t\t\t\t\t\t\t<\/div>\n\t\t\t\t<\/div>\n\t\t\t\t\t<\/div>\n\t\t<\/div>\n\t\t\t\t<div class=\"elementor-column elementor-col-50 elementor-inner-column elementor-element elementor-element-fb9a2e1\" data-id=\"fb9a2e1\" data-element_type=\"column\">\n\t\t\t<div class=\"elementor-widget-wrap elementor-element-populated\">\n\t\t\t\t\t\t<div class=\"elementor-element elementor-element-1c7a038 elementor-widget elementor-widget-heading\" data-id=\"1c7a038\" data-element_type=\"widget\" data-widget_type=\"heading.default\">\n\t\t\t\t<div class=\"elementor-widget-container\">\n\t\t\t\t\t<h1 class=\"elementor-heading-title elementor-size-default\">virkist\u00e4viin Tyhy ja Tyky-p\u00e4iviin<\/h1>\t\t\t\t<\/div>\n\t\t\t\t<\/div>\n\t\t\t\t<div class=\"elementor-element elementor-element-631d738 elementor-widget elementor-widget-heading\" data-id=\"631d738\" data-element_type=\"widget\" data-widget_type=\"heading.default\">\n\t\t\t\t<div class=\"elementor-widget-container\">\n\t\t\t\t\t<h1 class=\"elementor-heading-title elementor-size-default\">ulkona tai sis\u00e4ll\u00e4<\/h1>\t\t\t\t<\/div>\n\t\t\t\t<\/div>\n\t\t\t\t<div class=\"elementor-element elementor-element-faaacb3 elementor-widget elementor-widget-text-editor\" data-id=\"faaacb3\" data-element_type=\"widget\" data-widget_type=\"text-editor.default\">\n\t\t\t\t<div class=\"elementor-widget-container\">\n\t\t\t\t\t\t\t\t\t<p>Kukkolan tilalta, luonnonhelmasta l\u00f6ytyv\u00e4 kota ja sen ymp\u00e4rist\u00f6 tarjoavat mainiot puitteet erilaisiin virkistysp\u00e4iviin sek\u00e4 tyky- ja tyhyp\u00e4iviiin. Kauttamme saat tilattua koko paketin ruokailuista aktiviteetteihin. Riippumatta siit\u00e4 mit\u00e4 porukkanne kaipaa, onpa se sitten rentouttavaa sointukylpy\u00e4, kevytt\u00e4 ulkoliikuntaa, k\u00e4ttentaitoja tai ihan vaikka vaan yhdess\u00e4oloa tulen \u00e4\u00e4rell\u00e4, me yhteisty\u00f6kumppaneidemme avulla toteutamme sen.<\/p><p>Meille on helppo saapua, tulitpa sitten autolla, py\u00f6r\u00e4ll\u00e4 tai bussilla. Pihassamme parkkeeraat maksutta.<\/p>\t\t\t\t\t\t\t\t<\/div>\n\t\t\t\t<\/div>\n\t\t\t\t<div class=\"elementor-element elementor-element-8fd677e elementor-widget elementor-widget-text-editor\" data-id=\"8fd677e\" data-element_type=\"widget\" data-widget_type=\"text-editor.default\">\n\t\t\t\t<div class=\"elementor-widget-container\">\n\t\t\t\t\t\t\t\t\t<div title=\"Page 1\"><div><div><div><h4>\u2022 Monipuoliset tilat jopa 80 hengen tilaisuuksiin<br \/>\u2022 Catering ja pitopalvelut yritysten omiin tiloihi<span style=\"font-size: 1.3333333333333rem; font-style: inherit;\">n<br \/>\u2022\u00a0<\/span><span style=\"font-size: 1.3333333333333rem;\">R\u00e4\u00e4t\u00e4l\u00f6idyt yritysjuhlat paketteina<\/span><\/h4><\/div><\/div><\/div><\/div>\t\t\t\t\t\t\t\t<\/div>\n\t\t\t\t<\/div>\n\t\t\t\t\t<\/div>\n\t\t<\/div>\n\t\t\t\t\t<\/div>\n\t\t<\/section>\n\t\t\t\t\t<\/div>\n\t\t<\/div>\n\t\t\t\t\t<\/div>\n\t\t<\/section>\n\t\t\t\t<section class=\"elementor-section elementor-top-section elementor-element elementor-element-08d9260 elementor-section-height-min-height elementor-section-boxed elementor-section-height-default elementor-section-items-middle\" data-id=\"08d9260\" data-element_type=\"section\" data-settings=\"{&quot;background_background&quot;:&quot;classic&quot;}\">\n\t\t\t\t\t\t\t<div class=\"elementor-background-overlay\"><\/div>\n\t\t\t\t\t\t\t<div class=\"elementor-container elementor-column-gap-default\">\n\t\t\t\t\t<div class=\"elementor-column elementor-col-100 elementor-top-column elementor-element elementor-element-24265b4\" data-id=\"24265b4\" data-element_type=\"column\">\n\t\t\t<div class=\"elementor-widget-wrap elementor-element-populated\">\n\t\t\t\t\t\t<div class=\"elementor-element elementor-element-57b318f elementor-widget elementor-widget-heading\" data-id=\"57b318f\" data-element_type=\"widget\" data-widget_type=\"heading.default\">\n\t\t\t\t<div class=\"elementor-widget-container\">\n\t\t\t\t\t<h1 class=\"elementor-heading-title elementor-size-default\">Liikkuva Catering yrityksille<\/h1>\t\t\t\t<\/div>\n\t\t\t\t<\/div>\n\t\t\t\t<div class=\"elementor-element elementor-element-87784fe elementor-widget elementor-widget-text-editor\" data-id=\"87784fe\" data-element_type=\"widget\" data-widget_type=\"text-editor.default\">\n\t\t\t\t<div class=\"elementor-widget-container\">\n\t\t\t\t\t\t\t\t\t<p>Kauttamme j\u00e4rjestyy monipuoliset catering palvelut yrityksille. Ennakkoon tilattuna saatte kauttamme herkulliset ruuat yhteisiin lounashetkiin tai vaikkapa ty\u00f6porukan palaveriin, paikan p\u00e4\u00e4lle toimitettuna. Onpa mieless\u00e4nne suuret yritysjuhlat tai oman tiimin saunailta, niin meilt\u00e4 saatte intohimolla valmistetut maukkaat tarjottavat.<\/p>\t\t\t\t\t\t\t\t<\/div>\n\t\t\t\t<\/div>\n\t\t\t\t<div class=\"elementor-element elementor-element-7df50a3 elementor-align-center elementor-widget elementor-widget-button\" data-id=\"7df50a3\" data-element_type=\"widget\" data-widget_type=\"button.default\">\n\t\t\t\t<div class=\"elementor-widget-container\">\n\t\t\t\t\t\t\t\t\t<div class=\"elementor-button-wrapper\">\n\t\t\t\t\t<a class=\"elementor-button elementor-button-link elementor-size-md\" href=\"#footer\">\n\t\t\t\t\t\t<span class=\"elementor-button-content-wrapper\">\n\t\t\t\t\t\t\t\t\t<span class=\"elementor-button-text\">Ota yhteytt\u00e4<\/span>\n\t\t\t\t\t<\/span>\n\t\t\t\t\t<\/a>\n\t\t\t\t<\/div>\n\t\t\t\t\t\t\t\t<\/div>\n\t\t\t\t<\/div>\n\t\t\t\t\t<\/div>\n\t\t<\/div>\n\t\t\t\t\t<\/div>\n\t\t<\/section>\n\t\t\t\t<section class=\"elementor-section elementor-top-section elementor-element elementor-element-c5b3509 elementor-section-boxed elementor-section-height-default elementor-section-height-default\" data-id=\"c5b3509\" data-element_type=\"section\" data-settings=\"{&quot;background_background&quot;:&quot;classic&quot;}\">\n\t\t\t\t\t\t<div class=\"elementor-container elementor-column-gap-default\">\n\t\t\t\t\t<div class=\"elementor-column elementor-col-100 elementor-top-column elementor-element elementor-element-03f88c0\" data-id=\"03f88c0\" data-element_type=\"column\">\n\t\t\t<div class=\"elementor-widget-wrap elementor-element-populated\">\n\t\t\t\t\t\t<section class=\"elementor-section elementor-inner-section elementor-element elementor-element-20e9fe7f elementor-reverse-mobile elementor-section-full_width elementor-section-height-min-height elementor-section-height-default\" data-id=\"20e9fe7f\" data-element_type=\"section\" data-settings=\"{&quot;background_background&quot;:&quot;classic&quot;}\">\n\t\t\t\t\t\t<div class=\"elementor-container elementor-column-gap-no\">\n\t\t\t\t\t<div class=\"elementor-column elementor-col-33 elementor-inner-column elementor-element elementor-element-6260a95d\" data-id=\"6260a95d\" data-element_type=\"column\" data-settings=\"{&quot;background_background&quot;:&quot;classic&quot;}\">\n\t\t\t<div class=\"elementor-widget-wrap\">\n\t\t\t\t\t<div class=\"elementor-background-overlay\"><\/div>\n\t\t\t\t\t\t\t<\/div>\n\t\t<\/div>\n\t\t\t\t<div class=\"elementor-column elementor-col-33 elementor-inner-column elementor-element elementor-element-1393a30a\" data-id=\"1393a30a\" data-element_type=\"column\" data-settings=\"{&quot;background_background&quot;:&quot;classic&quot;}\">\n\t\t\t<div class=\"elementor-widget-wrap\">\n\t\t\t\t\t<div class=\"elementor-background-overlay\"><\/div>\n\t\t\t\t\t\t\t<\/div>\n\t\t<\/div>\n\t\t\t\t<div class=\"elementor-column elementor-col-33 elementor-inner-column elementor-element elementor-element-73bfc07f\" data-id=\"73bfc07f\" data-element_type=\"column\" data-settings=\"{&quot;background_background&quot;:&quot;classic&quot;}\">\n\t\t\t<div class=\"elementor-widget-wrap\">\n\t\t\t\t\t<div class=\"elementor-background-overlay\"><\/div>\n\t\t\t\t\t\t\t<\/div>\n\t\t<\/div>\n\t\t\t\t\t<\/div>\n\t\t<\/section>\n\t\t\t\t<section class=\"elementor-section elementor-inner-section elementor-element elementor-element-399451dd elementor-reverse-mobile elementor-section-full_width elementor-section-height-min-height elementor-section-height-default\" data-id=\"399451dd\" data-element_type=\"section\" data-settings=\"{&quot;background_background&quot;:&quot;classic&quot;}\">\n\t\t\t\t\t\t<div class=\"elementor-container elementor-column-gap-no\">\n\t\t\t\t\t<div class=\"elementor-column elementor-col-33 elementor-inner-column elementor-element elementor-element-9f9d94b\" data-id=\"9f9d94b\" data-element_type=\"column\" data-settings=\"{&quot;background_background&quot;:&quot;classic&quot;}\">\n\t\t\t<div class=\"elementor-widget-wrap\">\n\t\t\t\t\t<div class=\"elementor-background-overlay\"><\/div>\n\t\t\t\t\t\t\t<\/div>\n\t\t<\/div>\n\t\t\t\t<div class=\"elementor-column elementor-col-33 elementor-inner-column elementor-element elementor-element-7450d0d3\" data-id=\"7450d0d3\" data-element_type=\"column\" data-settings=\"{&quot;background_background&quot;:&quot;classic&quot;}\">\n\t\t\t<div class=\"elementor-widget-wrap\">\n\t\t\t\t\t<div class=\"elementor-background-overlay\"><\/div>\n\t\t\t\t\t\t\t<\/div>\n\t\t<\/div>\n\t\t\t\t<div class=\"elementor-column elementor-col-33 elementor-inner-column elementor-element elementor-element-564c988b\" data-id=\"564c988b\" data-element_type=\"column\" data-settings=\"{&quot;background_background&quot;:&quot;classic&quot;}\">\n\t\t\t<div class=\"elementor-widget-wrap\">\n\t\t\t\t\t<div class=\"elementor-background-overlay\"><\/div>\n\t\t\t\t\t\t\t<\/div>\n\t\t<\/div>\n\t\t\t\t\t<\/div>\n\t\t<\/section>\n\t\t\t\t<section class=\"elementor-section elementor-inner-section elementor-element elementor-element-c10dff1 elementor-section-boxed elementor-section-height-default elementor-section-height-default\" data-id=\"c10dff1\" data-element_type=\"section\">\n\t\t\t\t\t\t<div class=\"elementor-container elementor-column-gap-default\">\n\t\t\t\t\t<div class=\"elementor-column elementor-col-50 elementor-inner-column elementor-element elementor-element-2cb76df\" data-id=\"2cb76df\" data-element_type=\"column\">\n\t\t\t<div class=\"elementor-widget-wrap elementor-element-populated\">\n\t\t\t\t\t\t<div class=\"elementor-element elementor-element-16bde74 elementor-widget elementor-widget-heading\" data-id=\"16bde74\" data-element_type=\"widget\" data-widget_type=\"heading.default\">\n\t\t\t\t<div class=\"elementor-widget-container\">\n\t\t\t\t\t<h1 class=\"elementor-heading-title elementor-size-default\">bbq karelia<\/h1>\t\t\t\t<\/div>\n\t\t\t\t<\/div>\n\t\t\t\t<div class=\"elementor-element elementor-element-682b80a elementor-widget elementor-widget-heading\" data-id=\"682b80a\" data-element_type=\"widget\" data-widget_type=\"heading.default\">\n\t\t\t\t<div class=\"elementor-widget-container\">\n\t\t\t\t\t<h1 class=\"elementor-heading-title elementor-size-default\">meist\u00e4<\/h1>\t\t\t\t<\/div>\n\t\t\t\t<\/div>\n\t\t\t\t<div class=\"elementor-element elementor-element-e94b712 elementor-widget elementor-widget-text-editor\" data-id=\"e94b712\" data-element_type=\"widget\" data-widget_type=\"text-editor.default\">\n\t\t\t\t<div class=\"elementor-widget-container\">\n\t\t\t\t\t\t\t\t\t<p>BBQ Karelia on kahden Rantakyl\u00e4n r\u00e4\u00e4p\u00e4leen unelma vietyn\u00e4 k\u00e4yt\u00e4nt\u00f6\u00f6n. Unelma ei toteutunut 2000 luvun alussa Espanjan rannikoilla, vaan perheellisin\u00e4 keski-ik\u00e4isin\u00e4 Kukkolan tilalla, Joensuun Karhunm\u00e4ess\u00e4. Oy perustettiin maaliskuussa ja todettiin, ett\u00e4 \u201dnyt tai ei koskaan\u201d. Ylim\u00e4\u00e4r\u00e4iset harrastukset kuten nukkuminen karsittiin kalenterista ja l\u00e4hdettiin perheiden tukemana silm\u00e4t kiiluen savustamaan <em>kyl\u00e4n mureinta lihaa<\/em>. Eip\u00e4 tienneet pojat mihin ryhtyiv\u00e4t.<\/p><p>Kes\u00e4kuussa 2021 Kukkolan tilan vanha sikala sai tiloihinsa uudet siat, kun ravintola avattiin savu carte -listan voimin. Tarkoituksena on alusta alkaen ollut, ett\u00e4 toimintaa kehitet\u00e4\u00e4n jatkuvasti, yhdess\u00e4 asiakkaiden kanssa ja jo nyt toimintaamme kuuluu ravintolan lis\u00e4ksi astetta parempaa lounasta loppuviikkoon, pitopalvelu, juhlatila, kokoustila ja kokouspalvelut, tyhy \/ tyky -p\u00e4iv\u00e4t, r\u00e4\u00e4t\u00e4l\u00f6ity catering juhlaan kuin juhlaan, kuten h\u00e4\u00e4t, pikkujoulut, syntym\u00e4p\u00e4iv\u00e4t, yritysjuhlat.<\/p>\t\t\t\t\t\t\t\t<\/div>\n\t\t\t\t<\/div>\n\t\t\t\t\t<\/div>\n\t\t<\/div>\n\t\t\t\t<div class=\"elementor-column elementor-col-50 elementor-inner-column elementor-element elementor-element-3b6bc5b\" data-id=\"3b6bc5b\" data-element_type=\"column\">\n\t\t\t<div class=\"elementor-widget-wrap\">\n\t\t\t\t\t\t\t<\/div>\n\t\t<\/div>\n\t\t\t\t\t<\/div>\n\t\t<\/section>\n\t\t\t\t<div class=\"elementor-element elementor-element-65945f8 elementor-widget elementor-widget-text-editor\" data-id=\"65945f8\" data-element_type=\"widget\" data-widget_type=\"text-editor.default\">\n\t\t\t\t<div class=\"elementor-widget-container\">\n\t\t\t\t\t\t\t\t\t<iframe src=\"https:\/\/www.google.com\/maps\/embed?pb=!1m14!1m8!1m3!1d7353.999286316114!2d29.8155984!3d62.5613948!3m2!1i1024!2i768!4f13.1!3m3!1m2!1s0x0%3A0xc168f1ce4e05eac5!2sBBQ%20Karelia!5e0!3m2!1sfi!2sde!4v1633532408187!5m2!1sfi!2sde\" width=\"100%\" height=\"300\" style=\"border:0;\" allowfullscreen=\"\" loading=\"lazy\"><\/iframe>\t\t\t\t\t\t\t\t<\/div>\n\t\t\t\t<\/div>\n\t\t\t\t\t<\/div>\n\t\t<\/div>\n\t\t\t\t\t<\/div>\n\t\t<\/section>\n\t\t\t\t<\/div>\n\t\t","protected":false},"excerpt":{"rendered":"<p>Kokouksista juhliin Jos kaipaatte kokoukseenne perinteisen kokoustilan ja luokkahuoneen tilalle inspiroivampaa milj\u00f6\u00f6t\u00e4, asiakastilaisuuteenne unohtumattomia puitteita tai henkil\u00f6st\u00f6juhlaanne omann\u00e4k\u00f6ist\u00e4 tunnelmaa, herkullisia tarjottavia unohtamatta, olemme teille juuri sopiva paikka. Tilamme tarjoavat uniikit ja ihanteelliset puitteet niin yrityksen juhliin, pikkujouluihin kuin erilaisiin kokouksiin ja kehitt\u00e4misp\u00e4iviinkin. Pieni happihyppely tai ideariihi kesken kokousp\u00e4iv\u00e4n Kukkolan tilan milj\u00f6\u00f6ss\u00e4 antaa kummasti virtaa kokousp\u00e4iv\u00e4\u00e4n. [&hellip;]<\/p>\n","protected":false},"author":1,"featured_media":0,"parent":0,"menu_order":0,"comment_status":"closed","ping_status":"closed","template":"","meta":{"site-sidebar-layout":"no-sidebar","site-content-layout":"page-builder","ast-site-content-layout":"default","site-content-style":"default","site-sidebar-style":"default","ast-global-header-display":"","ast-banner-title-visibility":"","ast-main-header-display":"disabled","ast-hfb-above-header-display":"","ast-hfb-below-header-display":"","ast-hfb-mobile-header-display":"disabled","site-post-title":"disabled","ast-breadcrumbs-content":"disabled","ast-featured-img":"disabled","footer-sml-layout":"disabled","ast-disable-related-posts":"","theme-transparent-header-meta":"default","adv-header-id-meta":"","stick-header-meta":"","header-above-stick-meta":"","header-main-stick-meta":"","header-below-stick-meta":"","astra-migrate-meta-layouts":"default","ast-page-background-enabled":"default","ast-page-background-meta":{"desktop":{"background-color":"","background-image":"","background-repeat":"repeat","background-position":"center center","background-size":"auto","background-attachment":"scroll","background-type":"","background-media":"","overlay-type":"","overlay-color":"","overlay-opacity":"","overlay-gradient":""},"tablet":{"background-color":"","background-image":"","background-repeat":"repeat","background-position":"center center","background-size":"auto","background-attachment":"scroll","background-type":"","background-media":"","overlay-type":"","overlay-color":"","overlay-opacity":"","overlay-gradient":""},"mobile":{"background-color":"","background-image":"","background-repeat":"repeat","background-position":"center center","background-size":"auto","background-attachment":"scroll","background-type":"","background-media":"","overlay-type":"","overlay-color":"","overlay-opacity":"","overlay-gradient":""}},"ast-content-background-meta":{"desktop":{"background-color":"var(--ast-global-color-5)","background-image":"","background-repeat":"repeat","background-position":"center center","background-size":"auto","background-attachment":"scroll","background-type":"","background-media":"","overlay-type":"","overlay-color":"","overlay-opacity":"","overlay-gradient":""},"tablet":{"background-color":"var(--ast-global-color-5)","background-image":"","background-repeat":"repeat","background-position":"center center","background-size":"auto","background-attachment":"scroll","background-type":"","background-media":"","overlay-type":"","overlay-color":"","overlay-opacity":"","overlay-gradient":""},"mobile":{"background-color":"var(--ast-global-color-5)","background-image":"","background-repeat":"repeat","background-position":"center center","background-size":"auto","background-attachment":"scroll","background-type":"","background-media":"","overlay-type":"","overlay-color":"","overlay-opacity":"","overlay-gradient":""}},"footnotes":""},"_links":{"self":[{"href":"https:\/\/bbqkarelia.fi\/index.php?rest_route=\/wp\/v2\/pages\/412"}],"collection":[{"href":"https:\/\/bbqkarelia.fi\/index.php?rest_route=\/wp\/v2\/pages"}],"about":[{"href":"https:\/\/bbqkarelia.fi\/index.php?rest_route=\/wp\/v2\/types\/page"}],"author":[{"embeddable":true,"href":"https:\/\/bbqkarelia.fi\/index.php?rest_route=\/wp\/v2\/users\/1"}],"replies":[{"embeddable":true,"href":"https:\/\/bbqkarelia.fi\/index.php?rest_route=%2Fwp%2Fv2%2Fcomments&post=412"}],"version-history":[{"count":121,"href":"https:\/\/bbqkarelia.fi\/index.php?rest_route=\/wp\/v2\/pages\/412\/revisions"}],"predecessor-version":[{"id":1344,"href":"https:\/\/bbqkarelia.fi\/index.php?rest_route=\/wp\/v2\/pages\/412\/revisions\/1344"}],"wp:attachment":[{"href":"https:\/\/bbqkarelia.fi\/index.php?rest_route=%2Fwp%2Fv2%2Fmedia&parent=412"}],"curies":[{"name":"wp","href":"https:\/\/api.w.org\/{rel}","templated":true}]}}