{"id":397,"date":"2021-09-09T17:21:10","date_gmt":"2021-09-09T17:21:10","guid":{"rendered":"https:\/\/bbqkarelia.fi\/?page_id=397"},"modified":"2021-10-28T20:09:45","modified_gmt":"2021-10-28T20:09:45","slug":"catering","status":"publish","type":"page","link":"https:\/\/bbqkarelia.fi\/?page_id=397","title":{"rendered":"Catering"},"content":{"rendered":"\t\t<div data-elementor-type=\"wp-page\" data-elementor-id=\"397\" class=\"elementor elementor-397\">\n\t\t\t\t\t\t<section class=\"elementor-section elementor-top-section elementor-element elementor-element-b057e62 elementor-section-height-min-height elementor-section-boxed elementor-section-height-default elementor-section-items-middle\" data-id=\"b057e62\" data-element_type=\"section\" data-settings=\"{&quot;background_background&quot;:&quot;classic&quot;}\">\n\t\t\t\t\t\t\t<div class=\"elementor-background-overlay\"><\/div>\n\t\t\t\t\t\t\t<div class=\"elementor-container elementor-column-gap-default\">\n\t\t\t\t\t<div class=\"elementor-column elementor-col-100 elementor-top-column elementor-element elementor-element-8948ffa\" data-id=\"8948ffa\" data-element_type=\"column\">\n\t\t\t<div class=\"elementor-widget-wrap elementor-element-populated\">\n\t\t\t\t\t\t<div class=\"elementor-element elementor-element-2c2192a elementor-widget elementor-widget-heading\" data-id=\"2c2192a\" data-element_type=\"widget\" data-widget_type=\"heading.default\">\n\t\t\t\t<div class=\"elementor-widget-container\">\n\t\t\t\t\t<h1 class=\"elementor-heading-title elementor-size-default\">Catering<\/h1>\t\t\t\t<\/div>\n\t\t\t\t<\/div>\n\t\t\t\t<div class=\"elementor-element elementor-element-167189f elementor-widget elementor-widget-text-editor\" data-id=\"167189f\" data-element_type=\"widget\" data-widget_type=\"text-editor.default\">\n\t\t\t\t<div class=\"elementor-widget-container\">\n\t\t\t\t\t\t\t\t\t<p>Meilt\u00e4 saat k\u00e4tev\u00e4sti cateringin haluamallasi menulla, haluamaasi paikkaan. R\u00e4\u00e4t\u00e4l\u00f6imme tarjottavat tilaisuuteenne teid\u00e4n toiveidenne mukaan. Erikoisuutenamme ovat erilaiset barbeque herkut, mutta muutkin maukkaat tarjottavat loihditaan ammattitaidolla asiakkaan toiveiden mukaan.<\/p>\t\t\t\t\t\t\t\t<\/div>\n\t\t\t\t<\/div>\n\t\t\t\t\t<\/div>\n\t\t<\/div>\n\t\t\t\t\t<\/div>\n\t\t<\/section>\n\t\t\t\t<section class=\"elementor-section elementor-top-section elementor-element elementor-element-8fc7437 elementor-section-boxed elementor-section-height-default elementor-section-height-default\" data-id=\"8fc7437\" data-element_type=\"section\" data-settings=\"{&quot;background_background&quot;:&quot;classic&quot;}\">\n\t\t\t\t\t\t<div class=\"elementor-container elementor-column-gap-default\">\n\t\t\t\t\t<div class=\"elementor-column elementor-col-100 elementor-top-column elementor-element elementor-element-3835155\" data-id=\"3835155\" data-element_type=\"column\">\n\t\t\t<div class=\"elementor-widget-wrap elementor-element-populated\">\n\t\t\t\t\t\t<section class=\"elementor-section elementor-inner-section elementor-element elementor-element-7a981d0 elementor-section-boxed elementor-section-height-default elementor-section-height-default\" data-id=\"7a981d0\" data-element_type=\"section\">\n\t\t\t\t\t\t<div class=\"elementor-container elementor-column-gap-default\">\n\t\t\t\t\t<div class=\"elementor-column elementor-col-50 elementor-inner-column elementor-element elementor-element-8f46091 elementor-hidden-tablet elementor-hidden-mobile\" data-id=\"8f46091\" data-element_type=\"column\">\n\t\t\t<div class=\"elementor-widget-wrap elementor-element-populated\">\n\t\t\t\t\t\t<div class=\"elementor-element elementor-element-ef10371 elementor-widget elementor-widget-image\" data-id=\"ef10371\" data-element_type=\"widget\" data-widget_type=\"image.default\">\n\t\t\t\t<div class=\"elementor-widget-container\">\n\t\t\t\t\t\t\t\t\t\t\t\t\t\t\t<img decoding=\"async\" src=\"https:\/\/bbqkarelia.fi\/wp-content\/uploads\/2021\/10\/20210914_164632.jpg\" title=\"20210914_164632\" alt=\"20210914_164632\" loading=\"lazy\" \/>\t\t\t\t\t\t\t\t\t\t\t\t\t\t\t<\/div>\n\t\t\t\t<\/div>\n\t\t\t\t\t<\/div>\n\t\t<\/div>\n\t\t\t\t<div class=\"elementor-column elementor-col-50 elementor-inner-column elementor-element elementor-element-fb9a2e1\" data-id=\"fb9a2e1\" data-element_type=\"column\">\n\t\t\t<div class=\"elementor-widget-wrap elementor-element-populated\">\n\t\t\t\t\t\t<div class=\"elementor-element elementor-element-1c7a038 elementor-widget elementor-widget-heading\" data-id=\"1c7a038\" data-element_type=\"widget\" data-widget_type=\"heading.default\">\n\t\t\t\t<div class=\"elementor-widget-container\">\n\t\t\t\t\t<h1 class=\"elementor-heading-title elementor-size-default\"><span class=\"elementor-heading-title elementor-size-default\" style=\"border: 0px;vertical-align: baseline;clear: both;line-height: 1.2\">Yrityksille ja yksityisille<\/span><\/h1>\t\t\t\t<\/div>\n\t\t\t\t<\/div>\n\t\t\t\t<div class=\"elementor-element elementor-element-631d738 elementor-widget elementor-widget-heading\" data-id=\"631d738\" data-element_type=\"widget\" data-widget_type=\"heading.default\">\n\t\t\t\t<div class=\"elementor-widget-container\">\n\t\t\t\t\t<h1 class=\"elementor-heading-title elementor-size-default\">Catering palvelut joka l\u00e4ht\u00f6\u00f6n<\/h1>\t\t\t\t<\/div>\n\t\t\t\t<\/div>\n\t\t\t\t<div class=\"elementor-element elementor-element-faaacb3 elementor-widget elementor-widget-text-editor\" data-id=\"faaacb3\" data-element_type=\"widget\" data-widget_type=\"text-editor.default\">\n\t\t\t\t<div class=\"elementor-widget-container\">\n\t\t\t\t\t\t\t\t\t<div class=\"page\" title=\"Page 2\">\n<div class=\"layoutArea\">\n<div class=\"column\">\n<p>Kauttamme j\u00e4rjestyy intohimolla ja ammattitaidolla valmistetut tarjottavat niin pieniin kuin suurempiinkin juhliin ja tilaisuuksiin. Onpa kyseess\u00e4 syntym\u00e4p\u00e4iv\u00e4juhlat kotona tai ty\u00f6porukan yhteinen lounashetki ty\u00f6paikalla, niin me autamme sinua tarjoiluissa.<\/p>\n<p>Catering palvelut onnistuvat mutkattomasti Kukkolassa sijaitsevien tilojen lis\u00e4ksi my\u00f6s kotiin, kokouksiin, firman tiloihin tai miss\u00e4 nyt ikin\u00e4 p\u00e4\u00e4t\u00e4t tilaisuuden j\u00e4rjest\u00e4\u00e4k\u00e4\u00e4n. Annamme mielell\u00e4mme lis\u00e4tietoja palveluistamme. Kysy meid\u00e4n toimiston Jullilta juuri teid\u00e4n tarpeisiin ja tilaisuuteen sopivaa tarjousta.<\/p>\n<\/div>\n<\/div>\n<\/div>\t\t\t\t\t\t\t\t<\/div>\n\t\t\t\t<\/div>\n\t\t\t\t<div class=\"elementor-element elementor-element-7f9687d elementor-widget elementor-widget-text-editor\" data-id=\"7f9687d\" data-element_type=\"widget\" data-widget_type=\"text-editor.default\">\n\t\t\t\t<div class=\"elementor-widget-container\">\n\t\t\t\t\t\t\t\t\t<div class=\"page\" title=\"Page 1\">\n<div class=\"section\">\n<div class=\"layoutArea\">\n<div class=\"column\">\n<h4>\u2022 R\u00e4\u00e4t\u00e4l\u00f6idyt pitopalvelut paikanp\u00e4\u00e4ll\u00e4&nbsp;<br>\u2022 Asiakkaan tarpeiden mukaan liikkuva catering palvelu<\/h4>\n<\/div>\n<\/div>\n<\/div>\n<\/div>\t\t\t\t\t\t\t\t<\/div>\n\t\t\t\t<\/div>\n\t\t\t\t\t<\/div>\n\t\t<\/div>\n\t\t\t\t\t<\/div>\n\t\t<\/section>\n\t\t\t\t\t<\/div>\n\t\t<\/div>\n\t\t\t\t\t<\/div>\n\t\t<\/section>\n\t\t\t\t<section class=\"elementor-section elementor-top-section elementor-element elementor-element-08d9260 elementor-section-height-min-height elementor-section-boxed elementor-section-height-default elementor-section-items-middle\" data-id=\"08d9260\" data-element_type=\"section\" data-settings=\"{&quot;background_background&quot;:&quot;classic&quot;}\">\n\t\t\t\t\t\t\t<div class=\"elementor-background-overlay\"><\/div>\n\t\t\t\t\t\t\t<div class=\"elementor-container elementor-column-gap-default\">\n\t\t\t\t\t<div class=\"elementor-column elementor-col-100 elementor-top-column elementor-element elementor-element-24265b4\" data-id=\"24265b4\" data-element_type=\"column\">\n\t\t\t<div class=\"elementor-widget-wrap elementor-element-populated\">\n\t\t\t\t\t\t<div class=\"elementor-element elementor-element-57b318f elementor-widget elementor-widget-heading\" data-id=\"57b318f\" data-element_type=\"widget\" data-widget_type=\"heading.default\">\n\t\t\t\t<div class=\"elementor-widget-container\">\n\t\t\t\t\t<h1 class=\"elementor-heading-title elementor-size-default\">Pitopalvelu asiakkaan toiveilla<\/h1>\t\t\t\t<\/div>\n\t\t\t\t<\/div>\n\t\t\t\t<div class=\"elementor-element elementor-element-87784fe elementor-widget elementor-widget-text-editor\" data-id=\"87784fe\" data-element_type=\"widget\" data-widget_type=\"text-editor.default\">\n\t\t\t\t<div class=\"elementor-widget-container\">\n\t\t\t\t\t\t\t\t\t<p>Jotain erityist\u00e4 mieless\u00e4? Anna meid\u00e4n auttaa ja voit itse keskitty\u00e4 olennaiseen! Toteutamme pitopalvelumme joko omassa smokeryss\u00e4 kypsytettyjen tarjottavien kera, ravintolamme makumaailmaa noudatellen tai halutessanne valmistamme teille rakkaudella my\u00f6s perinteisemp\u00e4\u00e4 menua.<\/p>\t\t\t\t\t\t\t\t<\/div>\n\t\t\t\t<\/div>\n\t\t\t\t<div class=\"elementor-element elementor-element-c044a62 elementor-align-center elementor-widget elementor-widget-button\" data-id=\"c044a62\" data-element_type=\"widget\" data-widget_type=\"button.default\">\n\t\t\t\t<div class=\"elementor-widget-container\">\n\t\t\t\t\t\t\t\t\t<div class=\"elementor-button-wrapper\">\n\t\t\t\t\t<a class=\"elementor-button elementor-button-link elementor-size-md\" href=\"#footer\">\n\t\t\t\t\t\t<span class=\"elementor-button-content-wrapper\">\n\t\t\t\t\t\t\t\t\t<span class=\"elementor-button-text\">Ota yhteytt\u00e4<\/span>\n\t\t\t\t\t<\/span>\n\t\t\t\t\t<\/a>\n\t\t\t\t<\/div>\n\t\t\t\t\t\t\t\t<\/div>\n\t\t\t\t<\/div>\n\t\t\t\t\t<\/div>\n\t\t<\/div>\n\t\t\t\t\t<\/div>\n\t\t<\/section>\n\t\t\t\t<section class=\"elementor-section elementor-top-section elementor-element elementor-element-c5b3509 elementor-section-boxed elementor-section-height-default elementor-section-height-default\" data-id=\"c5b3509\" data-element_type=\"section\" data-settings=\"{&quot;background_background&quot;:&quot;classic&quot;}\">\n\t\t\t\t\t\t<div class=\"elementor-container elementor-column-gap-default\">\n\t\t\t\t\t<div class=\"elementor-column elementor-col-100 elementor-top-column elementor-element elementor-element-03f88c0\" data-id=\"03f88c0\" data-element_type=\"column\">\n\t\t\t<div class=\"elementor-widget-wrap elementor-element-populated\">\n\t\t\t\t\t\t<section class=\"elementor-section elementor-inner-section elementor-element elementor-element-5fe63627 elementor-reverse-mobile elementor-section-full_width elementor-section-height-min-height elementor-section-height-default\" data-id=\"5fe63627\" data-element_type=\"section\" data-settings=\"{&quot;background_background&quot;:&quot;classic&quot;}\">\n\t\t\t\t\t\t<div class=\"elementor-container elementor-column-gap-no\">\n\t\t\t\t\t<div class=\"elementor-column elementor-col-33 elementor-inner-column elementor-element elementor-element-3e744ea2\" data-id=\"3e744ea2\" data-element_type=\"column\" data-settings=\"{&quot;background_background&quot;:&quot;classic&quot;}\">\n\t\t\t<div class=\"elementor-widget-wrap\">\n\t\t\t\t\t<div class=\"elementor-background-overlay\"><\/div>\n\t\t\t\t\t\t\t<\/div>\n\t\t<\/div>\n\t\t\t\t<div class=\"elementor-column elementor-col-33 elementor-inner-column elementor-element elementor-element-1deef05c\" data-id=\"1deef05c\" data-element_type=\"column\" data-settings=\"{&quot;background_background&quot;:&quot;classic&quot;}\">\n\t\t\t<div class=\"elementor-widget-wrap\">\n\t\t\t\t\t<div class=\"elementor-background-overlay\"><\/div>\n\t\t\t\t\t\t\t<\/div>\n\t\t<\/div>\n\t\t\t\t<div class=\"elementor-column elementor-col-33 elementor-inner-column elementor-element elementor-element-63a61f80\" data-id=\"63a61f80\" data-element_type=\"column\" data-settings=\"{&quot;background_background&quot;:&quot;classic&quot;}\">\n\t\t\t<div class=\"elementor-widget-wrap\">\n\t\t\t\t\t<div class=\"elementor-background-overlay\"><\/div>\n\t\t\t\t\t\t\t<\/div>\n\t\t<\/div>\n\t\t\t\t\t<\/div>\n\t\t<\/section>\n\t\t\t\t<section class=\"elementor-section elementor-inner-section elementor-element elementor-element-7254c6af elementor-reverse-mobile elementor-section-full_width elementor-section-height-min-height elementor-section-height-default\" data-id=\"7254c6af\" data-element_type=\"section\" data-settings=\"{&quot;background_background&quot;:&quot;classic&quot;}\">\n\t\t\t\t\t\t<div class=\"elementor-container elementor-column-gap-no\">\n\t\t\t\t\t<div class=\"elementor-column elementor-col-33 elementor-inner-column elementor-element elementor-element-3375bed6\" data-id=\"3375bed6\" data-element_type=\"column\" data-settings=\"{&quot;background_background&quot;:&quot;classic&quot;}\">\n\t\t\t<div class=\"elementor-widget-wrap\">\n\t\t\t\t\t<div class=\"elementor-background-overlay\"><\/div>\n\t\t\t\t\t\t\t<\/div>\n\t\t<\/div>\n\t\t\t\t<div class=\"elementor-column elementor-col-33 elementor-inner-column elementor-element elementor-element-29350045\" data-id=\"29350045\" data-element_type=\"column\" data-settings=\"{&quot;background_background&quot;:&quot;classic&quot;}\">\n\t\t\t<div class=\"elementor-widget-wrap\">\n\t\t\t\t\t<div class=\"elementor-background-overlay\"><\/div>\n\t\t\t\t\t\t\t<\/div>\n\t\t<\/div>\n\t\t\t\t<div class=\"elementor-column elementor-col-33 elementor-inner-column elementor-element elementor-element-56163d4b\" data-id=\"56163d4b\" data-element_type=\"column\" data-settings=\"{&quot;background_background&quot;:&quot;classic&quot;}\">\n\t\t\t<div class=\"elementor-widget-wrap\">\n\t\t\t\t\t<div class=\"elementor-background-overlay\"><\/div>\n\t\t\t\t\t\t\t<\/div>\n\t\t<\/div>\n\t\t\t\t\t<\/div>\n\t\t<\/section>\n\t\t\t\t<section class=\"elementor-section elementor-inner-section elementor-element elementor-element-c10dff1 elementor-section-boxed elementor-section-height-default elementor-section-height-default\" data-id=\"c10dff1\" data-element_type=\"section\">\n\t\t\t\t\t\t<div class=\"elementor-container elementor-column-gap-default\">\n\t\t\t\t\t<div class=\"elementor-column elementor-col-50 elementor-inner-column elementor-element elementor-element-2cb76df\" data-id=\"2cb76df\" data-element_type=\"column\">\n\t\t\t<div class=\"elementor-widget-wrap elementor-element-populated\">\n\t\t\t\t\t\t<div class=\"elementor-element elementor-element-16bde74 elementor-widget elementor-widget-heading\" data-id=\"16bde74\" data-element_type=\"widget\" data-widget_type=\"heading.default\">\n\t\t\t\t<div class=\"elementor-widget-container\">\n\t\t\t\t\t<h1 class=\"elementor-heading-title elementor-size-default\">bbq karelia<\/h1>\t\t\t\t<\/div>\n\t\t\t\t<\/div>\n\t\t\t\t<div class=\"elementor-element elementor-element-682b80a elementor-widget elementor-widget-heading\" data-id=\"682b80a\" data-element_type=\"widget\" data-widget_type=\"heading.default\">\n\t\t\t\t<div class=\"elementor-widget-container\">\n\t\t\t\t\t<h1 class=\"elementor-heading-title elementor-size-default\">meist\u00e4<\/h1>\t\t\t\t<\/div>\n\t\t\t\t<\/div>\n\t\t\t\t<div class=\"elementor-element elementor-element-e94b712 elementor-widget elementor-widget-text-editor\" data-id=\"e94b712\" data-element_type=\"widget\" data-widget_type=\"text-editor.default\">\n\t\t\t\t<div class=\"elementor-widget-container\">\n\t\t\t\t\t\t\t\t\t<p>BBQ Karelia on kahden Rantakyl\u00e4n r\u00e4\u00e4p\u00e4leen unelma vietyn\u00e4 k\u00e4yt\u00e4nt\u00f6\u00f6n. Unelma ei toteutunut 2000 luvun alussa Espanjan rannikoilla, vaan perheellisin\u00e4 keski-ik\u00e4isin\u00e4 Kukkolan tilalla, Joensuun Karhunm\u00e4ess\u00e4. Oy perustettiin maaliskuussa ja todettiin, ett\u00e4 \u201dnyt tai ei koskaan\u201d. Ylim\u00e4\u00e4r\u00e4iset harrastukset kuten nukkuminen karsittiin kalenterista ja l\u00e4hdettiin perheiden tukemana silm\u00e4t kiiluen savustamaan <em>kyl\u00e4n mureinta lihaa<\/em>. Eip\u00e4 tienneet pojat mihin ryhtyiv\u00e4t.<\/p><p>Kes\u00e4kuussa 2021 Kukkolan tilan vanha sikala sai tiloihinsa uudet siat, kun ravintola avattiin savu carte -listan voimin. Tarkoituksena on alusta alkaen ollut, ett\u00e4 toimintaa kehitet\u00e4\u00e4n jatkuvasti, yhdess\u00e4 asiakkaiden kanssa ja jo nyt toimintaamme kuuluu ravintolan lis\u00e4ksi astetta parempaa lounasta loppuviikkoon, pitopalvelu, juhlatila, kokoustila ja kokouspalvelut, tyhy \/ tyky -p\u00e4iv\u00e4t, r\u00e4\u00e4t\u00e4l\u00f6ity catering juhlaan kuin juhlaan, kuten h\u00e4\u00e4t, pikkujoulut, syntym\u00e4p\u00e4iv\u00e4t, yritysjuhlat.<\/p>\t\t\t\t\t\t\t\t<\/div>\n\t\t\t\t<\/div>\n\t\t\t\t\t<\/div>\n\t\t<\/div>\n\t\t\t\t<div class=\"elementor-column elementor-col-50 elementor-inner-column elementor-element elementor-element-3b6bc5b\" data-id=\"3b6bc5b\" data-element_type=\"column\">\n\t\t\t<div class=\"elementor-widget-wrap\">\n\t\t\t\t\t\t\t<\/div>\n\t\t<\/div>\n\t\t\t\t\t<\/div>\n\t\t<\/section>\n\t\t\t\t<div class=\"elementor-element elementor-element-92bf4e8 elementor-widget elementor-widget-text-editor\" data-id=\"92bf4e8\" data-element_type=\"widget\" data-widget_type=\"text-editor.default\">\n\t\t\t\t<div class=\"elementor-widget-container\">\n\t\t\t\t\t\t\t\t\t<iframe src=\"https:\/\/www.google.com\/maps\/embed?pb=!1m14!1m8!1m3!1d7353.999286316114!2d29.8155984!3d62.5613948!3m2!1i1024!2i768!4f13.1!3m3!1m2!1s0x0%3A0xc168f1ce4e05eac5!2sBBQ%20Karelia!5e0!3m2!1sfi!2sde!4v1633532408187!5m2!1sfi!2sde\" width=\"100%\" height=\"300\" style=\"border:0;\" allowfullscreen=\"\" loading=\"lazy\"><\/iframe>\t\t\t\t\t\t\t\t<\/div>\n\t\t\t\t<\/div>\n\t\t\t\t\t<\/div>\n\t\t<\/div>\n\t\t\t\t\t<\/div>\n\t\t<\/section>\n\t\t\t\t<\/div>\n\t\t","protected":false},"excerpt":{"rendered":"<p>Catering Meilt\u00e4 saat k\u00e4tev\u00e4sti cateringin haluamallasi menulla, haluamaasi paikkaan. R\u00e4\u00e4t\u00e4l\u00f6imme tarjottavat tilaisuuteenne teid\u00e4n toiveidenne mukaan. Erikoisuutenamme ovat erilaiset barbeque herkut, mutta muutkin maukkaat tarjottavat loihditaan ammattitaidolla asiakkaan toiveiden mukaan. Yrityksille ja yksityisille Catering palvelut joka l\u00e4ht\u00f6\u00f6n Kauttamme j\u00e4rjestyy intohimolla ja ammattitaidolla valmistetut tarjottavat niin pieniin kuin suurempiinkin juhliin ja tilaisuuksiin. Onpa kyseess\u00e4 syntym\u00e4p\u00e4iv\u00e4juhlat kotona tai [&hellip;]<\/p>\n","protected":false},"author":1,"featured_media":0,"parent":0,"menu_order":0,"comment_status":"closed","ping_status":"closed","template":"","meta":{"site-sidebar-layout":"no-sidebar","site-content-layout":"page-builder","ast-site-content-layout":"default","site-content-style":"default","site-sidebar-style":"default","ast-global-header-display":"","ast-banner-title-visibility":"","ast-main-header-display":"disabled","ast-hfb-above-header-display":"","ast-hfb-below-header-display":"","ast-hfb-mobile-header-display":"disabled","site-post-title":"disabled","ast-breadcrumbs-content":"disabled","ast-featured-img":"disabled","footer-sml-layout":"disabled","ast-disable-related-posts":"","theme-transparent-header-meta":"default","adv-header-id-meta":"","stick-header-meta":"","header-above-stick-meta":"","header-main-stick-meta":"","header-below-stick-meta":"","astra-migrate-meta-layouts":"default","ast-page-background-enabled":"default","ast-page-background-meta":{"desktop":{"background-color":"","background-image":"","background-repeat":"repeat","background-position":"center center","background-size":"auto","background-attachment":"scroll","background-type":"","background-media":"","overlay-type":"","overlay-color":"","overlay-opacity":"","overlay-gradient":""},"tablet":{"background-color":"","background-image":"","background-repeat":"repeat","background-position":"center center","background-size":"auto","background-attachment":"scroll","background-type":"","background-media":"","overlay-type":"","overlay-color":"","overlay-opacity":"","overlay-gradient":""},"mobile":{"background-color":"","background-image":"","background-repeat":"repeat","background-position":"center center","background-size":"auto","background-attachment":"scroll","background-type":"","background-media":"","overlay-type":"","overlay-color":"","overlay-opacity":"","overlay-gradient":""}},"ast-content-background-meta":{"desktop":{"background-color":"var(--ast-global-color-5)","background-image":"","background-repeat":"repeat","background-position":"center center","background-size":"auto","background-attachment":"scroll","background-type":"","background-media":"","overlay-type":"","overlay-color":"","overlay-opacity":"","overlay-gradient":""},"tablet":{"background-color":"var(--ast-global-color-5)","background-image":"","background-repeat":"repeat","background-position":"center center","background-size":"auto","background-attachment":"scroll","background-type":"","background-media":"","overlay-type":"","overlay-color":"","overlay-opacity":"","overlay-gradient":""},"mobile":{"background-color":"var(--ast-global-color-5)","background-image":"","background-repeat":"repeat","background-position":"center center","background-size":"auto","background-attachment":"scroll","background-type":"","background-media":"","overlay-type":"","overlay-color":"","overlay-opacity":"","overlay-gradient":""}},"footnotes":""},"_links":{"self":[{"href":"https:\/\/bbqkarelia.fi\/index.php?rest_route=\/wp\/v2\/pages\/397"}],"collection":[{"href":"https:\/\/bbqkarelia.fi\/index.php?rest_route=\/wp\/v2\/pages"}],"about":[{"href":"https:\/\/bbqkarelia.fi\/index.php?rest_route=\/wp\/v2\/types\/page"}],"author":[{"embeddable":true,"href":"https:\/\/bbqkarelia.fi\/index.php?rest_route=\/wp\/v2\/users\/1"}],"replies":[{"embeddable":true,"href":"https:\/\/bbqkarelia.fi\/index.php?rest_route=%2Fwp%2Fv2%2Fcomments&post=397"}],"version-history":[{"count":112,"href":"https:\/\/bbqkarelia.fi\/index.php?rest_route=\/wp\/v2\/pages\/397\/revisions"}],"predecessor-version":[{"id":1363,"href":"https:\/\/bbqkarelia.fi\/index.php?rest_route=\/wp\/v2\/pages\/397\/revisions\/1363"}],"wp:attachment":[{"href":"https:\/\/bbqkarelia.fi\/index.php?rest_route=%2Fwp%2Fv2%2Fmedia&parent=397"}],"curies":[{"name":"wp","href":"https:\/\/api.w.org\/{rel}","templated":true}]}}