{"id":3,"date":"2021-04-20T16:10:44","date_gmt":"2021-04-20T16:10:44","guid":{"rendered":"https:\/\/bbqkarelia.fi\/?page_id=3"},"modified":"2021-04-21T14:16:59","modified_gmt":"2021-04-21T14:16:59","slug":"tietosuojaseloste","status":"publish","type":"page","link":"https:\/\/bbqkarelia.fi\/?page_id=3","title":{"rendered":"Tietosuojaseloste"},"content":{"rendered":"\t\t<div data-elementor-type=\"wp-page\" data-elementor-id=\"3\" class=\"elementor elementor-3\">\n\t\t\t\t<section class=\"elementor-section elementor-top-section elementor-element elementor-element-31f3f93e elementor-section-boxed elementor-section-height-default elementor-section-height-default\" data-id=\"31f3f93e\" data-element_type=\"section\">\n\t\t\t\t\t\t<div class=\"elementor-container elementor-column-gap-default\">\n\t\t\t\t\t<div class=\"elementor-column elementor-col-100 elementor-top-column elementor-element elementor-element-19c90169\" data-id=\"19c90169\" data-element_type=\"column\">\n\t\t\t<div class=\"elementor-widget-wrap elementor-element-populated\">\n\t\t\t\t\t\t<div class=\"elementor-element elementor-element-5fbc893d elementor-widget elementor-widget-text-editor\" data-id=\"5fbc893d\" data-element_type=\"widget\" data-widget_type=\"text-editor.default\">\n\t\t\t\t<div class=\"elementor-widget-container\"><h4 class=\"wp-block-heading\">Karelian\u00a0Artesaani Oy:n henkil\u00f6tietolain (523\/99) 10 \u00a7:n mukainen rekisteriseloste<\/h4><h4 class=\"wp-block-heading\"><strong>1. Rekisterinpit\u00e4j\u00e4<\/strong><\/h4><p><strong class=\"privacy-policy-tutorial\">Karelian\u00a0Artesaani Oy<br \/>Vanha Valtatie 70, 80230 Joensuu<br \/><\/strong><\/p>\n<p><strong class=\"privacy-policy-tutorial\">y-tunnus: 3199635-7<\/strong><\/p>\n<h4><strong>2. Rekisteriasiat<\/strong><\/h4><p>Asiakaspalvelumme vastaa viimeist\u00e4\u00e4n kahden arkip\u00e4iv\u00e4n kuluessa rekisteri\u00e4 koskeviin kysymyksiin ja palautteisiin.<\/p>\n<h4 class=\"wp-block-heading\"><strong>3. Rekisterin nimi<\/strong><\/h4>\n<p>Karelian Artesaani Oy:n asiakas- ja markkinointirekisteri<\/p>\n<h4><strong>4. Henkil\u00f6tietojen k\u00e4sittelyn tarkoitus<\/strong><\/h4>\n<p>K\u00e4sittelyn tarkoituksena on asiakassuhteen hoitaminen, asiakkaan ja Karelia Artesaani Oy:n oikeuksien ja velvollisuuksien toteuttaminen sek\u00e4 henkil\u00f6tietolain mukainen henkil\u00f6tietojen k\u00e4sittely verkkopalveluihin liittyviin tarkoituksiin, tutkimustoimintaan, Karelian Artesaani Oy:n ja\/tai sen yhteisty\u00f6kumppaneiden mainonnan ja\/tai suoramarkkinoinnin suuntaaminen asiakastietojen perusteella Karelian Artesaani Oy:n viestimien ja palvelujen kautta luovuttamatta henkil\u00f6tietoja ulkopuoliselle taholle.<\/p>\n<h4><strong>5. Rekisterin tietosis\u00e4lt\u00f6<\/strong><\/h4>\n<p>Rekisteri voi sis\u00e4lt\u00e4\u00e4 seuraavan ryhmittelyn mukaiset tiedot asiakkaista:<\/p>\n<ul>\n<li>Nimi<\/li>\n<li>S\u00e4hk\u00f6postiosoite<\/li>\n<li>Matkapuhelinnumero<\/li>\n<li>Osoitetiedot<\/li>\n<\/ul>\n<p>Karelian Artesaani Oy k\u00e4ytt\u00e4\u00e4 sivustoillaan ev\u00e4steit\u00e4 k\u00e4ytt\u00f6kokemuksen parantamiseksi. Ev\u00e4steet ovat pieni\u00e4, selaimen pyynn\u00f6st\u00e4 k\u00e4ytt\u00e4j\u00e4n tietokoneelle l\u00e4hetett\u00e4vi\u00e4 ja siell\u00e4 s\u00e4ilytett\u00e4vi\u00e4 tekstitiedostoja. Ev\u00e4steet voi kielt\u00e4\u00e4 s\u00e4\u00e4t\u00e4m\u00e4ll\u00e4 selaimen asetuksia.<\/p>\n<h4><strong>6. Rekisterin s\u00e4\u00e4nn\u00f6nmukaiset tietol\u00e4hteet<\/strong><\/h4>\n<p>Rekisteri koostetaan Karelian Artesaani Oy:n asiakastietoj\u00e4rjestelm\u00e4st\u00e4 ja tietoja pidet\u00e4\u00e4n yll\u00e4 manuaalisella p\u00e4ivityksell\u00e4 sek\u00e4 mahdollisten kolmansien osapuolien tietop\u00e4ivitysten perusteella.<\/p>\n<h4><strong>7. S\u00e4\u00e4nn\u00f6nmukaiset tietojen luovutukset<\/strong><\/h4>\n<p>Rekisterinpit\u00e4j\u00e4 ei luovuta Asiakkaiden henkil\u00f6tietoja ulkopuolisille, paitsi Suomen viranomaistoimien niin edellytt\u00e4ess\u00e4.<\/p>\n<h4><strong>8. Tietojen poistaminen ja korjaus<\/strong><\/h4>\n<p>Tietoja voidaan poistaa Asiakkaan vaatimuksesta tai asiakassuhteen loppumisen vuoksi. Jokaisella rekisteriss\u00e4 olevalla asiakkaalla on oikeus tarkistaa rekisteriin tallennetut tietonsa ja vaatia mahdollisen virheellisen tiedon korjaamista tai puutteellisen tiedon t\u00e4ydent\u00e4mist\u00e4. Mik\u00e4li asiakas haluaa tarkistaa h\u00e4nest\u00e4 tallennetut tiedot tai vaatia niihin oikaisua, pyynt\u00f6 tulee l\u00e4hett\u00e4\u00e4 kirjallisesti rekisterinpit\u00e4j\u00e4lle. Rekisterinpit\u00e4j\u00e4 voi pyyt\u00e4\u00e4 tarvittaessa pyynn\u00f6n esitt\u00e4j\u00e4\u00e4 todistamaan henkil\u00f6llisyytens\u00e4. Rekisterinpit\u00e4j\u00e4 vastaa asiakkaalle EU:n tietosuoja-asetuksessa s\u00e4\u00e4detyss\u00e4 ajassa.<\/p>\n<h4><strong>9. Rekisterin suojauksen periaatteet<\/strong><\/h4>\n<p>Henkil\u00f6tiedot s\u00e4ilytet\u00e4\u00e4n luottamuksellisina. Karelian Artesaani Oy:n tietoverkko ja laitteisto, jolla rekisteri sijaitsee on suojattu palomuurilla ja muilla tarvittavilla teknisill\u00e4 toimenpiteill\u00e4.<\/p>\n<h4><strong>10. Muut\u00a0henkil\u00f6tietojen k\u00e4sittelyyn liittyv\u00e4t oikeudet<\/strong><\/h4>\n<p>Asiakkaalla on oikeus pyyt\u00e4\u00e4 h\u00e4nt\u00e4 koskevien henkil\u00f6tietojen poistamiseen rekisterist\u00e4 (\u201doikeus tulla unohdetuksi\u201d). Niin ik\u00e4\u00e4n rekister\u00f6idyill\u00e4 on muut <a class=\"c10\" href=\"https:\/\/eur-lex.europa.eu\/legal-content\/FI\/TXT\/?uri=CELEX%3A32016R0679#d1e2144-1-1\" target=\"_blank\" rel=\"noopener noreferrer\">EU:n yleisen tietosuoja-asetuksen mukaiset oikeudet<\/a> kuten henkil\u00f6tietojen k\u00e4sittelyn rajoittaminen tietyiss\u00e4 tilanteissa. Pyynn\u00f6t tulee l\u00e4hett\u00e4\u00e4 kirjallisesti rekisterinpit\u00e4j\u00e4lle. Rekisterinpit\u00e4j\u00e4 voi pyyt\u00e4\u00e4 tarvittaessa pyynn\u00f6n esitt\u00e4j\u00e4\u00e4 todistamaan henkil\u00f6llisyytens\u00e4. Rekisterinpit\u00e4j\u00e4 vastaa asiakkaalle EU:n tietosuoja-asetuksessa s\u00e4\u00e4detyss\u00e4 ajassa.<\/p><\/div>\n\t\t\t\t<\/div>\n\t\t\t\t\t<\/div>\n\t\t<\/div>\n\t\t\t\t\t<\/div>\n\t\t<\/section>\t\t<\/div>\n\t\t","protected":false},"excerpt":{"rendered":"<p>Karelian\u00a0Artesaani Oy:n henkil\u00f6tietolain (523\/99) 10 \u00a7:n mukainen rekisteriseloste 1. Rekisterinpit\u00e4j\u00e4 Karelian\u00a0Artesaani OyVanha Valtatie 70, 80230 Joensuu y-tunnus: 3199635-7 2. Rekisteriasiat Asiakaspalvelumme vastaa viimeist\u00e4\u00e4n kahden arkip\u00e4iv\u00e4n kuluessa rekisteri\u00e4 koskeviin kysymyksiin ja palautteisiin. 3. Rekisterin nimi Karelian Artesaani Oy:n asiakas- ja markkinointirekisteri 4. Henkil\u00f6tietojen k\u00e4sittelyn tarkoitus K\u00e4sittelyn tarkoituksena on asiakassuhteen hoitaminen, asiakkaan ja Karelia Artesaani Oy:n oikeuksien [&hellip;]<\/p>\n","protected":false},"author":1,"featured_media":0,"parent":0,"menu_order":0,"comment_status":"closed","ping_status":"closed","template":"","meta":{"site-sidebar-layout":"default","site-content-layout":"","ast-site-content-layout":"default","site-content-style":"default","site-sidebar-style":"default","ast-global-header-display":"","ast-banner-title-visibility":"","ast-main-header-display":"","ast-hfb-above-header-display":"","ast-hfb-below-header-display":"","ast-hfb-mobile-header-display":"","site-post-title":"","ast-breadcrumbs-content":"","ast-featured-img":"","footer-sml-layout":"","ast-disable-related-posts":"","theme-transparent-header-meta":"","adv-header-id-meta":"","stick-header-meta":"","header-above-stick-meta":"","header-main-stick-meta":"","header-below-stick-meta":"","astra-migrate-meta-layouts":"default","ast-page-background-enabled":"default","ast-page-background-meta":{"desktop":{"background-color":"","background-image":"","background-repeat":"repeat","background-position":"center center","background-size":"auto","background-attachment":"scroll","background-type":"","background-media":"","overlay-type":"","overlay-color":"","overlay-opacity":"","overlay-gradient":""},"tablet":{"background-color":"","background-image":"","background-repeat":"repeat","background-position":"center center","background-size":"auto","background-attachment":"scroll","background-type":"","background-media":"","overlay-type":"","overlay-color":"","overlay-opacity":"","overlay-gradient":""},"mobile":{"background-color":"","background-image":"","background-repeat":"repeat","background-position":"center center","background-size":"auto","background-attachment":"scroll","background-type":"","background-media":"","overlay-type":"","overlay-color":"","overlay-opacity":"","overlay-gradient":""}},"ast-content-background-meta":{"desktop":{"background-color":"var(--ast-global-color-5)","background-image":"","background-repeat":"repeat","background-position":"center center","background-size":"auto","background-attachment":"scroll","background-type":"","background-media":"","overlay-type":"","overlay-color":"","overlay-opacity":"","overlay-gradient":""},"tablet":{"background-color":"var(--ast-global-color-5)","background-image":"","background-repeat":"repeat","background-position":"center center","background-size":"auto","background-attachment":"scroll","background-type":"","background-media":"","overlay-type":"","overlay-color":"","overlay-opacity":"","overlay-gradient":""},"mobile":{"background-color":"var(--ast-global-color-5)","background-image":"","background-repeat":"repeat","background-position":"center center","background-size":"auto","background-attachment":"scroll","background-type":"","background-media":"","overlay-type":"","overlay-color":"","overlay-opacity":"","overlay-gradient":""}},"footnotes":""},"_links":{"self":[{"href":"https:\/\/bbqkarelia.fi\/index.php?rest_route=\/wp\/v2\/pages\/3"}],"collection":[{"href":"https:\/\/bbqkarelia.fi\/index.php?rest_route=\/wp\/v2\/pages"}],"about":[{"href":"https:\/\/bbqkarelia.fi\/index.php?rest_route=\/wp\/v2\/types\/page"}],"author":[{"embeddable":true,"href":"https:\/\/bbqkarelia.fi\/index.php?rest_route=\/wp\/v2\/users\/1"}],"replies":[{"embeddable":true,"href":"https:\/\/bbqkarelia.fi\/index.php?rest_route=%2Fwp%2Fv2%2Fcomments&post=3"}],"version-history":[{"count":4,"href":"https:\/\/bbqkarelia.fi\/index.php?rest_route=\/wp\/v2\/pages\/3\/revisions"}],"predecessor-version":[{"id":124,"href":"https:\/\/bbqkarelia.fi\/index.php?rest_route=\/wp\/v2\/pages\/3\/revisions\/124"}],"wp:attachment":[{"href":"https:\/\/bbqkarelia.fi\/index.php?rest_route=%2Fwp%2Fv2%2Fmedia&parent=3"}],"curies":[{"name":"wp","href":"https:\/\/api.w.org\/{rel}","templated":true}]}}